{"id":580,"date":"2026-03-05T22:31:45","date_gmt":"2026-03-05T22:31:45","guid":{"rendered":"https:\/\/thai-chef.dk\/?page_id=580"},"modified":"2026-03-05T22:34:30","modified_gmt":"2026-03-05T22:34:30","slug":"sushi-box-44-stk","status":"publish","type":"page","link":"https:\/\/thai-chef.dk\/index.php\/sushi-box-44-stk\/","title":{"rendered":"Sushi Box 44 stk:"},"content":{"rendered":"\n<figure class=\"wp-block-image size-large\"><img loading=\"lazy\" decoding=\"async\" width=\"1024\" height=\"630\" src=\"https:\/\/thai-chef.dk\/wp-content\/uploads\/2026\/01\/FB_IMG_1755444611327-1-1024x630.jpg\" alt=\"\" class=\"wp-image-435\" srcset=\"https:\/\/thai-chef.dk\/wp-content\/uploads\/2026\/01\/FB_IMG_1755444611327-1-1024x630.jpg 1024w, https:\/\/thai-chef.dk\/wp-content\/uploads\/2026\/01\/FB_IMG_1755444611327-1-300x184.jpg 300w, https:\/\/thai-chef.dk\/wp-content\/uploads\/2026\/01\/FB_IMG_1755444611327-1-768x472.jpg 768w, https:\/\/thai-chef.dk\/wp-content\/uploads\/2026\/01\/FB_IMG_1755444611327-1-1536x944.jpg 1536w, https:\/\/thai-chef.dk\/wp-content\/uploads\/2026\/01\/FB_IMG_1755444611327-1.jpg 2048w\" sizes=\"auto, (max-width: 1024px) 100vw, 1024px\" \/><\/figure>\n\n\n\n<p>Indeholder:  Sushi Ris,  Sushi Eddike,  Tang,  Indbagte Tempurarejer,  Kylling Buttermilk,  Fl\u00f8deost,  Avocado,  Agurk,  Crab Stick,  Hjemmelavet S\u00f8de \u00c6g<\/p>\n\n\n\n<p>Ebi Sushi Rejer,  Sesam,  Hjemmelavet Teriyaki Sauce,  Mayonaise,  Sriracha Sauce,  Spirer,  Rogn.<\/p>\n\n\n\n<p>Tilbeh\u00f8r:  Soya,  Wasabi,  Syltede Ingef\u00e6r,  Tang Salat.<\/p>\n","protected":false},"excerpt":{"rendered":"<p>Indeholder: Sushi Ris, Sushi Eddike, Tang, Indbagte Tempurarejer, Kylling Buttermilk, Fl\u00f8deost, Avocado, Agurk, Crab Stick, Hjemmelavet S\u00f8de \u00c6g Ebi Sushi Rejer, Sesam, Hjemmelavet Teriyaki Sauce, [&hellip;]<\/p>\n","protected":false},"author":1,"featured_media":0,"parent":0,"menu_order":0,"comment_status":"closed","ping_status":"closed","template":"","meta":{"footnotes":""},"class_list":["post-580","page","type-page","status-publish","hentry"],"_links":{"self":[{"href":"https:\/\/thai-chef.dk\/index.php\/wp-json\/wp\/v2\/pages\/580","targetHints":{"allow":["GET"]}}],"collection":[{"href":"https:\/\/thai-chef.dk\/index.php\/wp-json\/wp\/v2\/pages"}],"about":[{"href":"https:\/\/thai-chef.dk\/index.php\/wp-json\/wp\/v2\/types\/page"}],"author":[{"embeddable":true,"href":"https:\/\/thai-chef.dk\/index.php\/wp-json\/wp\/v2\/users\/1"}],"replies":[{"embeddable":true,"href":"https:\/\/thai-chef.dk\/index.php\/wp-json\/wp\/v2\/comments?post=580"}],"version-history":[{"count":2,"href":"https:\/\/thai-chef.dk\/index.php\/wp-json\/wp\/v2\/pages\/580\/revisions"}],"predecessor-version":[{"id":583,"href":"https:\/\/thai-chef.dk\/index.php\/wp-json\/wp\/v2\/pages\/580\/revisions\/583"}],"wp:attachment":[{"href":"https:\/\/thai-chef.dk\/index.php\/wp-json\/wp\/v2\/media?parent=580"}],"curies":[{"name":"wp","href":"https:\/\/api.w.org\/{rel}","templated":true}]}}